{"id":1129,"date":"2025-12-04T18:47:35","date_gmt":"2025-12-04T17:47:35","guid":{"rendered":"https:\/\/ogs-echiquier.fr\/ogsechecs\/?page_id=1129"},"modified":"2026-01-22T11:44:19","modified_gmt":"2026-01-22T10:44:19","slug":"elementor-1129","status":"publish","type":"page","link":"https:\/\/ogs-echiquier.fr\/ogsechecs\/elementor-1129\/","title":{"rendered":"Tournoi Blitz 2026"},"content":{"rendered":"\t\t<div data-elementor-type=\"wp-page\" data-elementor-id=\"1129\" class=\"elementor elementor-1129\">\n\t\t\t\t<div class=\"elementor-element elementor-element-2a879eb e-flex e-con-boxed e-con e-parent\" data-id=\"2a879eb\" data-element_type=\"container\" data-e-type=\"container\">\n\t\t\t\t\t<div class=\"e-con-inner\">\n\t\t<div class=\"elementor-element elementor-element-36e8ce7 e-con-full e-flex e-con e-child\" data-id=\"36e8ce7\" data-element_type=\"container\" data-e-type=\"container\">\n\t\t\t\t<div class=\"elementor-element elementor-element-7cd666d elementor-widget elementor-widget-heading\" data-id=\"7cd666d\" data-element_type=\"widget\" data-e-type=\"widget\" data-widget_type=\"heading.default\">\n\t\t\t\t\t<h2 class=\"elementor-heading-title elementor-size-default\">BLITZ : Tournoi dit \"de la galette\" 2026<\/h2>\t\t\t\t<\/div>\n\t\t\t\t<div class=\"elementor-element elementor-element-2371e63 elementor-widget__width-initial elementor-widget elementor-widget-text-editor\" data-id=\"2371e63\" data-element_type=\"widget\" data-e-type=\"widget\" data-widget_type=\"text-editor.default\">\n\t\t\t\t\t\t\t\t\t<p><span style=\"font-style: inherit; font-weight: inherit;\"><img fetchpriority=\"high\" decoding=\"async\" class=\"aligncenter size-full wp-image-1500\" src=\"http:\/\/ogs-echiquier.fr\/ogsechecs\/wp-content\/uploads\/2025\/12\/Blitz_2026.jpg\" alt=\"\" width=\"225\" height=\"225\" \/> <\/span><\/p><p><span style=\"font-style: inherit; font-weight: inherit;\">Le Club organise son tournoi de Blitz le 17 janvier 2026<\/span><\/p><p>9 rondes de 5mn +3s au local du club 10 rue Fleming Grande-Synthe.<\/p><p>le tournoi est gratuit et homologu\u00e9, limit\u00e9 \u00e0 36 joueurs.<\/p><p><span style=\"font-style: inherit; font-weight: inherit;\">L&rsquo;arbitrage est assur\u00e9 par Eric Le Rol.\u00a0<\/span><\/p><p>Accueil \u00e0 partir de 14h, le tournoi d\u00e9butera \u00e0 14h30, si vous d\u00e9sirez participer merci d&rsquo;en informer<span style=\"font-style: inherit; font-weight: inherit;\">\u00a0Marc Ganty (marc.ganty@cegetel.net tel 06 14 11 70 32)\u00a0 et d&rsquo;\u00eatre pr\u00e9sent \u00e0 14h00 pour le pointage.<\/span><\/p>\t\t\t\t\t\t\t\t<\/div>\n\t\t\t\t<\/div>\n\t\t\t\t\t<\/div>\n\t\t\t\t<\/div>\n\t\t<div class=\"elementor-element elementor-element-dc6764d e-flex e-con-boxed e-con e-parent\" data-id=\"dc6764d\" data-element_type=\"container\" data-e-type=\"container\">\n\t\t\t\t\t<div class=\"e-con-inner\">\n\t\t\t\t<div class=\"elementor-element elementor-element-aa8b4d4 elementor-align-center elementor-widget elementor-widget-button\" data-id=\"aa8b4d4\" data-element_type=\"widget\" data-e-type=\"widget\" data-widget_type=\"button.default\">\n\t\t\t\t\t\t\t\t\t\t<a class=\"elementor-button elementor-button-link elementor-size-sm\" href=\"https:\/\/www.echecs.asso.fr\/FicheTournoi.aspx?Ref=70103\">\n\t\t\t\t\t\t<span class=\"elementor-button-content-wrapper\">\n\t\t\t\t\t\t\t\t\t<span class=\"elementor-button-text\">Cliquez ici<\/span>\n\t\t\t\t\t<\/span>\n\t\t\t\t\t<\/a>\n\t\t\t\t\t\t\t\t<\/div>\n\t\t\t\t\t<\/div>\n\t\t\t\t<\/div>\n\t\t\t\t<\/div>\n\t\t","protected":false},"excerpt":{"rendered":"<p>BLITZ : Tournoi dit \u00ab\u00a0de la galette\u00a0\u00bb 2026 Le Club organise son tournoi de Blitz le 17 janvier 2026 9 [&hellip;]<\/p>\n","protected":false},"author":1,"featured_media":0,"parent":0,"menu_order":0,"comment_status":"closed","ping_status":"closed","template":"","meta":{"site-sidebar-layout":"no-sidebar","site-content-layout":"","ast-site-content-layout":"full-width-container","site-content-style":"default","site-sidebar-style":"default","ast-global-header-display":"","ast-banner-title-visibility":"","ast-main-header-display":"","ast-hfb-above-header-display":"","ast-hfb-below-header-display":"","ast-hfb-mobile-header-display":"","site-post-title":"disabled","ast-breadcrumbs-content":"","ast-featured-img":"disabled","footer-sml-layout":"","ast-disable-related-posts":"","theme-transparent-header-meta":"","adv-header-id-meta":"","stick-header-meta":"","header-above-stick-meta":"","header-main-stick-meta":"","header-below-stick-meta":"","astra-migrate-meta-layouts":"default","ast-page-background-enabled":"default","ast-page-background-meta":{"desktop":{"background-color":"var(--ast-global-color-5)","background-image":"","background-repeat":"repeat","background-position":"center center","background-size":"auto","background-attachment":"scroll","background-type":"","background-media":"","overlay-type":"","overlay-color":"","overlay-opacity":"","overlay-gradient":""},"tablet":{"background-color":"","background-image":"","background-repeat":"repeat","background-position":"center center","background-size":"auto","background-attachment":"scroll","background-type":"","background-media":"","overlay-type":"","overlay-color":"","overlay-opacity":"","overlay-gradient":""},"mobile":{"background-color":"","background-image":"","background-repeat":"repeat","background-position":"center center","background-size":"auto","background-attachment":"scroll","background-type":"","background-media":"","overlay-type":"","overlay-color":"","overlay-opacity":"","overlay-gradient":""}},"ast-content-background-meta":{"desktop":{"background-color":"var(--ast-global-color-4)","background-image":"","background-repeat":"repeat","background-position":"center center","background-size":"auto","background-attachment":"scroll","background-type":"","background-media":"","overlay-type":"","overlay-color":"","overlay-opacity":"","overlay-gradient":""},"tablet":{"background-color":"var(--ast-global-color-4)","background-image":"","background-repeat":"repeat","background-position":"center center","background-size":"auto","background-attachment":"scroll","background-type":"","background-media":"","overlay-type":"","overlay-color":"","overlay-opacity":"","overlay-gradient":""},"mobile":{"background-color":"var(--ast-global-color-4)","background-image":"","background-repeat":"repeat","background-position":"center center","background-size":"auto","background-attachment":"scroll","background-type":"","background-media":"","overlay-type":"","overlay-color":"","overlay-opacity":"","overlay-gradient":""}},"footnotes":""},"class_list":["post-1129","page","type-page","status-publish","hentry"],"_links":{"self":[{"href":"https:\/\/ogs-echiquier.fr\/ogsechecs\/wp-json\/wp\/v2\/pages\/1129","targetHints":{"allow":["GET"]}}],"collection":[{"href":"https:\/\/ogs-echiquier.fr\/ogsechecs\/wp-json\/wp\/v2\/pages"}],"about":[{"href":"https:\/\/ogs-echiquier.fr\/ogsechecs\/wp-json\/wp\/v2\/types\/page"}],"author":[{"embeddable":true,"href":"https:\/\/ogs-echiquier.fr\/ogsechecs\/wp-json\/wp\/v2\/users\/1"}],"replies":[{"embeddable":true,"href":"https:\/\/ogs-echiquier.fr\/ogsechecs\/wp-json\/wp\/v2\/comments?post=1129"}],"version-history":[{"count":22,"href":"https:\/\/ogs-echiquier.fr\/ogsechecs\/wp-json\/wp\/v2\/pages\/1129\/revisions"}],"predecessor-version":[{"id":1236,"href":"https:\/\/ogs-echiquier.fr\/ogsechecs\/wp-json\/wp\/v2\/pages\/1129\/revisions\/1236"}],"wp:attachment":[{"href":"https:\/\/ogs-echiquier.fr\/ogsechecs\/wp-json\/wp\/v2\/media?parent=1129"}],"curies":[{"name":"wp","href":"https:\/\/api.w.org\/{rel}","templated":true}]}}