{"id":231,"date":"2025-07-11T17:04:01","date_gmt":"2025-07-11T15:04:01","guid":{"rendered":"http:\/\/ogs-echiquier.fr\/ogsechecs\/?page_id=231"},"modified":"2025-09-13T15:30:28","modified_gmt":"2025-09-13T13:30:28","slug":"tournoi","status":"publish","type":"page","link":"https:\/\/ogs-echiquier.fr\/ogsechecs\/tournoi\/","title":{"rendered":"Tournoi"},"content":{"rendered":"\t\t<div data-elementor-type=\"wp-page\" data-elementor-id=\"231\" class=\"elementor elementor-231\">\n\t\t\t\t<div class=\"elementor-element elementor-element-7af8863 e-flex e-con-boxed e-con e-parent\" data-id=\"7af8863\" data-element_type=\"container\" data-e-type=\"container\" data-settings=\"{&quot;background_background&quot;:&quot;classic&quot;}\">\n\t\t\t\t\t<div class=\"e-con-inner\">\n\t\t\t\t<div class=\"elementor-element elementor-element-a739d37 elementor-widget elementor-widget-heading\" data-id=\"a739d37\" data-element_type=\"widget\" data-e-type=\"widget\" data-widget_type=\"heading.default\">\n\t\t\t\t\t<h3 class=\"elementor-heading-title elementor-size-default\">Tournois<\/h3>\t\t\t\t<\/div>\n\t\t\t\t<div class=\"elementor-element elementor-element-a15acef elementor-widget-divider--view-line elementor-widget elementor-widget-divider\" data-id=\"a15acef\" data-element_type=\"widget\" data-e-type=\"widget\" data-widget_type=\"divider.default\">\n\t\t\t\t\t\t\t<div class=\"elementor-divider\">\n\t\t\t<span class=\"elementor-divider-separator\">\n\t\t\t\t\t\t<\/span>\n\t\t<\/div>\n\t\t\t\t\t\t<\/div>\n\t\t\t\t<div class=\"elementor-element elementor-element-0e6af81 elementor-widget elementor-widget-heading\" data-id=\"0e6af81\" data-element_type=\"widget\" data-e-type=\"widget\" data-widget_type=\"heading.default\">\n\t\t\t\t\t<h2 class=\"elementor-heading-title elementor-size-default\">Les tournois du Club<\/h2>\t\t\t\t<\/div>\n\t\t\t\t<div class=\"elementor-element elementor-element-3c2cb12 elementor-widget elementor-widget-heading\" data-id=\"3c2cb12\" data-element_type=\"widget\" data-e-type=\"widget\" data-widget_type=\"heading.default\">\n\t\t\t\t\t<h5 class=\"elementor-heading-title elementor-size-default\">\"Le jeu prend une autre dimension quand on passe \u00e0 l\u2019\u00e9chiquier !\"<\/h5>\t\t\t\t<\/div>\n\t\t\t\t\t<\/div>\n\t\t\t\t<\/div>\n\t\t<div class=\"elementor-element elementor-element-e784415 e-flex e-con-boxed e-con e-parent\" data-id=\"e784415\" data-element_type=\"container\" data-e-type=\"container\">\n\t\t\t\t\t<div class=\"e-con-inner\">\n\t\t\t\t<div class=\"elementor-element elementor-element-a3bc78f elementor-widget elementor-widget-heading\" data-id=\"a3bc78f\" data-element_type=\"widget\" data-e-type=\"widget\" data-widget_type=\"heading.default\">\n\t\t\t\t\t<h4 class=\"elementor-heading-title elementor-size-default\">Notre club organise r\u00e9guli\u00e8rement des tournois ouverts aux membres et aux joueurs ext\u00e9rieurs. Que vous soyez d\u00e9butant, amateur ou comp\u00e9titeur aguerri, nos tournois sont l\u2019occasion parfaite de progresser, rencontrer d\u2019autres passionn\u00e9s et vivre la richesse du jeu en conditions r\u00e9elles.<\/h4>\t\t\t\t<\/div>\n\t\t\t\t\t<\/div>\n\t\t\t\t<\/div>\n\t\t<div class=\"elementor-element elementor-element-bc72d8a e-flex e-con-boxed e-con e-parent\" data-id=\"bc72d8a\" data-element_type=\"container\" data-e-type=\"container\" data-settings=\"{&quot;background_background&quot;:&quot;classic&quot;}\">\n\t\t\t\t\t<div class=\"e-con-inner\">\n\t\t<div class=\"elementor-element elementor-element-f0141d8 e-con-full e-flex e-con e-child\" data-id=\"f0141d8\" data-element_type=\"container\" data-e-type=\"container\">\n\t\t\t\t<div class=\"elementor-element elementor-element-5a57d50 elementor-widget elementor-widget-heading\" data-id=\"5a57d50\" data-element_type=\"widget\" data-e-type=\"widget\" data-widget_type=\"heading.default\">\n\t\t\t\t\t<h3 class=\"elementor-heading-title elementor-size-default\">\u265f\ufe0f Tournois internes<\/h3>\t\t\t\t<\/div>\n\t\t\t\t<div class=\"elementor-element elementor-element-410c910 elementor-widget elementor-widget-heading\" data-id=\"410c910\" data-element_type=\"widget\" data-e-type=\"widget\" data-widget_type=\"heading.default\">\n\t\t\t\t\t<p class=\"elementor-heading-title elementor-size-default\">R\u00e9serv\u00e9s aux membres du club, ces tournois sont conviviaux et permettent de se mesurer entre nous, dans une ambiance d\u00e9tendue. Parfait pour progresser en confiance. <\/p>\t\t\t\t<\/div>\n\t\t\t\t<\/div>\n\t\t<div class=\"elementor-element elementor-element-ac5a104 e-con-full e-flex e-con e-child\" data-id=\"ac5a104\" data-element_type=\"container\" data-e-type=\"container\">\n\t\t\t\t<div class=\"elementor-element elementor-element-abafd79 elementor-widget elementor-widget-heading\" data-id=\"abafd79\" data-element_type=\"widget\" data-e-type=\"widget\" data-widget_type=\"heading.default\">\n\t\t\t\t\t<h3 class=\"elementor-heading-title elementor-size-default\">\ud83e\uddd2 Tournois jeunes<\/h3>\t\t\t\t<\/div>\n\t\t\t\t<div class=\"elementor-element elementor-element-c7eccf8 elementor-widget elementor-widget-heading\" data-id=\"c7eccf8\" data-element_type=\"widget\" data-e-type=\"widget\" data-widget_type=\"heading.default\">\n\t\t\t\t\t<p class=\"elementor-heading-title elementor-size-default\">Ouverts aux enfants et adolescents, ces tournois sont adapt\u00e9s \u00e0 leur niveau et encadr\u00e9s par nos animateurs. Une excellente porte d\u2019entr\u00e9e dans la comp\u00e9tition.<\/p>\t\t\t\t<\/div>\n\t\t\t\t<\/div>\n\t\t<div class=\"elementor-element elementor-element-7c8019e e-con-full e-flex e-con e-child\" data-id=\"7c8019e\" data-element_type=\"container\" data-e-type=\"container\">\n\t\t\t\t<div class=\"elementor-element elementor-element-786ac19 elementor-widget elementor-widget-heading\" data-id=\"786ac19\" data-element_type=\"widget\" data-e-type=\"widget\" data-widget_type=\"heading.default\">\n\t\t\t\t\t<h3 class=\"elementor-heading-title elementor-size-default\">\ud83c\udfc5 Tournois homologu\u00e9s FFE<\/h3>\t\t\t\t<\/div>\n\t\t\t\t<div class=\"elementor-element elementor-element-2d8cde5 elementor-widget elementor-widget-heading\" data-id=\"2d8cde5\" data-element_type=\"widget\" data-e-type=\"widget\" data-widget_type=\"heading.default\">\n\t\t\t\t\t<p class=\"elementor-heading-title elementor-size-default\">Tournois ouverts aux licenci\u00e9s, comptant pour le classement. Organisation rigoureuse, id\u00e9al pour les joueurs comp\u00e9titeurs.<\/p>\t\t\t\t<\/div>\n\t\t\t\t<\/div>\n\t\t\t\t\t<\/div>\n\t\t\t\t<\/div>\n\t\t<div class=\"elementor-element elementor-element-043ea5f e-flex e-con-boxed e-con e-parent\" data-id=\"043ea5f\" data-element_type=\"container\" data-e-type=\"container\">\n\t\t\t\t\t<div class=\"e-con-inner\">\n\t\t<div class=\"elementor-element elementor-element-ccadfe7 e-con-full e-flex e-con e-child\" data-id=\"ccadfe7\" data-element_type=\"container\" data-e-type=\"container\">\n\t\t\t\t<div class=\"elementor-element elementor-element-cb5e8e0 elementor-widget elementor-widget-heading\" data-id=\"cb5e8e0\" data-element_type=\"widget\" data-e-type=\"widget\" data-widget_type=\"heading.default\">\n\t\t\t\t\t<h2 class=\"elementor-heading-title elementor-size-default\">13\u00e8 Festival de Tournois Ferm\u00e9s<\/h2>\t\t\t\t<\/div>\n\t\t\t\t<div class=\"elementor-element elementor-element-f3bd8fe elementor-widget elementor-widget-heading\" data-id=\"f3bd8fe\" data-element_type=\"widget\" data-e-type=\"widget\" data-widget_type=\"heading.default\">\n\t\t\t\t\t<h4 class=\"elementor-heading-title elementor-size-default\">Atrium<br>Place du March\u00e9<br>59760 Grande-Synthe<\/h4>\t\t\t\t<\/div>\n\t\t\t\t<div class=\"elementor-element elementor-element-8c2ac96 elementor-widget elementor-widget-text-editor\" data-id=\"8c2ac96\" data-element_type=\"widget\" data-e-type=\"widget\" data-widget_type=\"text-editor.default\">\n\t\t\t\t\t\t\t\t\t<p>\ud83d\uddd3\ufe0f 19, 20, 21 avril 2025<br>\u265f\ufe0f 7 rondes 1h30 ( + 30s\/cp)<br>\ud83e\udd47homologu\u00e9 FIDE<\/p>\t\t\t\t\t\t\t\t<\/div>\n\t\t\t\t<\/div>\n\t\t<div class=\"elementor-element elementor-element-5dff9be e-con-full e-flex e-con e-child\" data-id=\"5dff9be\" data-element_type=\"container\" data-e-type=\"container\">\n\t\t\t\t<div class=\"elementor-element elementor-element-8a8cdde elementor-widget elementor-widget-image\" data-id=\"8a8cdde\" data-element_type=\"widget\" data-e-type=\"widget\" data-widget_type=\"image.default\">\n\t\t\t\t\t\t\t\t\t\t\t\t\t\t\t<img fetchpriority=\"high\" decoding=\"async\" width=\"312\" height=\"635\" src=\"https:\/\/ogs-echiquier.fr\/ogsechecs\/wp-content\/uploads\/2025\/07\/FTTR2025.jpg\" class=\"attachment-medium_large size-medium_large wp-image-72\" alt=\"\" srcset=\"https:\/\/ogs-echiquier.fr\/ogsechecs\/wp-content\/uploads\/2025\/07\/FTTR2025.jpg 312w, https:\/\/ogs-echiquier.fr\/ogsechecs\/wp-content\/uploads\/2025\/07\/FTTR2025-147x300.jpg 147w\" sizes=\"(max-width: 312px) 100vw, 312px\" \/>\t\t\t\t\t\t\t\t\t\t\t\t\t\t\t<\/div>\n\t\t\t\t<\/div>\n\t\t\t\t\t<\/div>\n\t\t\t\t<\/div>\n\t\t<div class=\"elementor-element elementor-element-0723f36 e-flex e-con-boxed e-con e-parent\" data-id=\"0723f36\" data-element_type=\"container\" data-e-type=\"container\">\n\t\t\t\t\t<div class=\"e-con-inner\">\n\t\t<div class=\"elementor-element elementor-element-1150cfb e-con-full e-flex e-con e-child\" data-id=\"1150cfb\" data-element_type=\"container\" data-e-type=\"container\">\n\t\t\t\t<div class=\"elementor-element elementor-element-0e7b3e3 elementor-widget elementor-widget-heading\" data-id=\"0e7b3e3\" data-element_type=\"widget\" data-e-type=\"widget\" data-widget_type=\"heading.default\">\n\t\t\t\t\t<h2 class=\"elementor-heading-title elementor-size-default\">Tournoi du 11 novembre<\/h2>\t\t\t\t<\/div>\n\t\t\t\t<div class=\"elementor-element elementor-element-bec8754 elementor-widget elementor-widget-heading\" data-id=\"bec8754\" data-element_type=\"widget\" data-e-type=\"widget\" data-widget_type=\"heading.default\">\n\t\t\t\t\t<h4 class=\"elementor-heading-title elementor-size-default\">Atrium<br>Place du March\u00e9<br>59760 Grande-Synthe<\/h4>\t\t\t\t<\/div>\n\t\t\t\t<div class=\"elementor-element elementor-element-9fe55e5 elementor-widget elementor-widget-text-editor\" data-id=\"9fe55e5\" data-element_type=\"widget\" data-e-type=\"widget\" data-widget_type=\"text-editor.default\">\n\t\t\t\t\t\t\t\t\t<p>\ud83d\uddd3\ufe0f 11 novembre 2024<br \/>\u265f\ufe0f 9 rondes 12min ( + 3s\/cp)<br \/>\ud83e\udd47homologu\u00e9 FIDE<\/p>\t\t\t\t\t\t\t\t<\/div>\n\t\t\t\t<\/div>\n\t\t<div class=\"elementor-element elementor-element-973bbd6 e-con-full e-flex e-con e-child\" data-id=\"973bbd6\" data-element_type=\"container\" data-e-type=\"container\">\n\t\t\t\t<div class=\"elementor-element elementor-element-a82bc54 elementor-widget elementor-widget-image\" data-id=\"a82bc54\" data-element_type=\"widget\" data-e-type=\"widget\" data-widget_type=\"image.default\">\n\t\t\t\t\t\t\t\t\t\t\t\t\t\t\t<img decoding=\"async\" width=\"741\" height=\"1024\" src=\"https:\/\/ogs-echiquier.fr\/ogsechecs\/wp-content\/uploads\/2025\/07\/466380790_10235634114220154_5800921755367867811_n-741x1024.jpg\" class=\"attachment-large size-large wp-image-73\" alt=\"\" srcset=\"https:\/\/ogs-echiquier.fr\/ogsechecs\/wp-content\/uploads\/2025\/07\/466380790_10235634114220154_5800921755367867811_n-741x1024.jpg 741w, https:\/\/ogs-echiquier.fr\/ogsechecs\/wp-content\/uploads\/2025\/07\/466380790_10235634114220154_5800921755367867811_n-217x300.jpg 217w, https:\/\/ogs-echiquier.fr\/ogsechecs\/wp-content\/uploads\/2025\/07\/466380790_10235634114220154_5800921755367867811_n-768x1061.jpg 768w, https:\/\/ogs-echiquier.fr\/ogsechecs\/wp-content\/uploads\/2025\/07\/466380790_10235634114220154_5800921755367867811_n.jpg 1079w\" sizes=\"(max-width: 741px) 100vw, 741px\" \/>\t\t\t\t\t\t\t\t\t\t\t\t\t\t\t<\/div>\n\t\t\t\t<\/div>\n\t\t\t\t\t<\/div>\n\t\t\t\t<\/div>\n\t\t<div class=\"elementor-element elementor-element-9cab505 e-flex e-con-boxed e-con e-parent\" data-id=\"9cab505\" data-element_type=\"container\" data-e-type=\"container\">\n\t\t\t\t\t<div class=\"e-con-inner\">\n\t\t<div class=\"elementor-element elementor-element-1ea5b20 e-con-full e-flex e-con e-child\" data-id=\"1ea5b20\" data-element_type=\"container\" data-e-type=\"container\" data-settings=\"{&quot;background_background&quot;:&quot;classic&quot;}\">\n\t\t\t\t<div class=\"elementor-element elementor-element-5c2475b elementor-widget elementor-widget-heading\" data-id=\"5c2475b\" data-element_type=\"widget\" data-e-type=\"widget\" data-widget_type=\"heading.default\">\n\t\t\t\t\t<h2 class=\"elementor-heading-title elementor-size-default\">Pr\u00eat \u00e0 faire le premier coup ?<\/h2>\t\t\t\t<\/div>\n\t\t\t\t<div class=\"elementor-element elementor-element-82856d8 elementor-widget elementor-widget-heading\" data-id=\"82856d8\" data-element_type=\"widget\" data-e-type=\"widget\" data-widget_type=\"heading.default\">\n\t\t\t\t\t<p class=\"elementor-heading-title elementor-size-default\">Nos tournois sont ouverts \u00e0 tous les curieux et passionn\u00e9s. Rejoignez-nous pour vivre l\u2019exp\u00e9rience du jeu d\u2019\u00e9checs dans une ambiance motivante et bienveillante.<\/p>\t\t\t\t<\/div>\n\t\t\t\t<div class=\"elementor-element elementor-element-eadfd46 elementor-align-center e-transform elementor-widget elementor-widget-button\" data-id=\"eadfd46\" data-element_type=\"widget\" data-e-type=\"widget\" data-settings=\"{&quot;_transform_scale_effect_hover&quot;:{&quot;unit&quot;:&quot;px&quot;,&quot;size&quot;:1.1,&quot;sizes&quot;:[]},&quot;_transform_scale_effect_hover_tablet&quot;:{&quot;unit&quot;:&quot;px&quot;,&quot;size&quot;:&quot;&quot;,&quot;sizes&quot;:[]},&quot;_transform_scale_effect_hover_mobile&quot;:{&quot;unit&quot;:&quot;px&quot;,&quot;size&quot;:&quot;&quot;,&quot;sizes&quot;:[]}}\" data-widget_type=\"button.default\">\n\t\t\t\t\t\t\t\t\t\t<a class=\"elementor-button elementor-button-link elementor-size-sm\" href=\"http:\/\/ogs-echiquier.fr\/ogsechecs\/inscription-2025-2026\/\">\n\t\t\t\t\t\t<span class=\"elementor-button-content-wrapper\">\n\t\t\t\t\t\t\t\t\t<span class=\"elementor-button-text\">N'h\u00e9sitez plus<\/span>\n\t\t\t\t\t<\/span>\n\t\t\t\t\t<\/a>\n\t\t\t\t\t\t\t\t<\/div>\n\t\t\t\t<\/div>\n\t\t\t\t\t<\/div>\n\t\t\t\t<\/div>\n\t\t\t\t<\/div>\n\t\t","protected":false},"excerpt":{"rendered":"<p>Tournois Les tournois du Club \u00ab\u00a0Le jeu prend une autre dimension quand on passe \u00e0 l\u2019\u00e9chiquier !\u00a0\u00bb Notre club organise [&hellip;]<\/p>\n","protected":false},"author":1,"featured_media":0,"parent":0,"menu_order":0,"comment_status":"closed","ping_status":"closed","template":"","meta":{"site-sidebar-layout":"no-sidebar","site-content-layout":"","ast-site-content-layout":"full-width-container","site-content-style":"default","site-sidebar-style":"default","ast-global-header-display":"","ast-banner-title-visibility":"","ast-main-header-display":"","ast-hfb-above-header-display":"","ast-hfb-below-header-display":"","ast-hfb-mobile-header-display":"","site-post-title":"disabled","ast-breadcrumbs-content":"","ast-featured-img":"disabled","footer-sml-layout":"","ast-disable-related-posts":"","theme-transparent-header-meta":"","adv-header-id-meta":"","stick-header-meta":"","header-above-stick-meta":"","header-main-stick-meta":"","header-below-stick-meta":"","astra-migrate-meta-layouts":"default","ast-page-background-enabled":"default","ast-page-background-meta":{"desktop":{"background-color":"var(--ast-global-color-5)","background-image":"","background-repeat":"repeat","background-position":"center center","background-size":"auto","background-attachment":"scroll","background-type":"","background-media":"","overlay-type":"","overlay-color":"","overlay-opacity":"","overlay-gradient":""},"tablet":{"background-color":"","background-image":"","background-repeat":"repeat","background-position":"center center","background-size":"auto","background-attachment":"scroll","background-type":"","background-media":"","overlay-type":"","overlay-color":"","overlay-opacity":"","overlay-gradient":""},"mobile":{"background-color":"","background-image":"","background-repeat":"repeat","background-position":"center center","background-size":"auto","background-attachment":"scroll","background-type":"","background-media":"","overlay-type":"","overlay-color":"","overlay-opacity":"","overlay-gradient":""}},"ast-content-background-meta":{"desktop":{"background-color":"var(--ast-global-color-4)","background-image":"","background-repeat":"repeat","background-position":"center center","background-size":"auto","background-attachment":"scroll","background-type":"","background-media":"","overlay-type":"","overlay-color":"","overlay-opacity":"","overlay-gradient":""},"tablet":{"background-color":"var(--ast-global-color-4)","background-image":"","background-repeat":"repeat","background-position":"center center","background-size":"auto","background-attachment":"scroll","background-type":"","background-media":"","overlay-type":"","overlay-color":"","overlay-opacity":"","overlay-gradient":""},"mobile":{"background-color":"var(--ast-global-color-4)","background-image":"","background-repeat":"repeat","background-position":"center center","background-size":"auto","background-attachment":"scroll","background-type":"","background-media":"","overlay-type":"","overlay-color":"","overlay-opacity":"","overlay-gradient":""}},"footnotes":""},"class_list":["post-231","page","type-page","status-publish","hentry"],"_links":{"self":[{"href":"https:\/\/ogs-echiquier.fr\/ogsechecs\/wp-json\/wp\/v2\/pages\/231","targetHints":{"allow":["GET"]}}],"collection":[{"href":"https:\/\/ogs-echiquier.fr\/ogsechecs\/wp-json\/wp\/v2\/pages"}],"about":[{"href":"https:\/\/ogs-echiquier.fr\/ogsechecs\/wp-json\/wp\/v2\/types\/page"}],"author":[{"embeddable":true,"href":"https:\/\/ogs-echiquier.fr\/ogsechecs\/wp-json\/wp\/v2\/users\/1"}],"replies":[{"embeddable":true,"href":"https:\/\/ogs-echiquier.fr\/ogsechecs\/wp-json\/wp\/v2\/comments?post=231"}],"version-history":[{"count":50,"href":"https:\/\/ogs-echiquier.fr\/ogsechecs\/wp-json\/wp\/v2\/pages\/231\/revisions"}],"predecessor-version":[{"id":556,"href":"https:\/\/ogs-echiquier.fr\/ogsechecs\/wp-json\/wp\/v2\/pages\/231\/revisions\/556"}],"wp:attachment":[{"href":"https:\/\/ogs-echiquier.fr\/ogsechecs\/wp-json\/wp\/v2\/media?parent=231"}],"curies":[{"name":"wp","href":"https:\/\/api.w.org\/{rel}","templated":true}]}}