{"id":508,"date":"2025-09-13T14:36:46","date_gmt":"2025-09-13T12:36:46","guid":{"rendered":"https:\/\/ogs-echiquier.fr\/ogsechecs\/?page_id=508"},"modified":"2026-03-20T16:08:26","modified_gmt":"2026-03-20T15:08:26","slug":"circuit-tournois-rapides","status":"publish","type":"page","link":"https:\/\/ogs-echiquier.fr\/ogsechecs\/circuit-tournois-rapides\/","title":{"rendered":"Circuit Tournois Rapides"},"content":{"rendered":"\t\t<div data-elementor-type=\"wp-page\" data-elementor-id=\"508\" class=\"elementor elementor-508\">\n\t\t\t\t<div class=\"elementor-element elementor-element-5ece54d e-flex e-con-boxed e-con e-parent\" data-id=\"5ece54d\" data-element_type=\"container\">\n\t\t\t\t\t<div class=\"e-con-inner\">\n\t\t\t\t<div class=\"elementor-element elementor-element-977e86d elementor-widget elementor-widget-heading\" data-id=\"977e86d\" data-element_type=\"widget\" data-widget_type=\"heading.default\">\n\t\t\t\t\t<h2 class=\"elementor-heading-title elementor-size-default\">CRIC : Circuit Rapide Inter-Clubs 2025-2026<\/h2>\t\t\t\t<\/div>\n\t\t\t\t<div class=\"elementor-element elementor-element-0728b65 elementor-widget__width-initial elementor-widget elementor-widget-image\" data-id=\"0728b65\" data-element_type=\"widget\" data-widget_type=\"image.default\">\n\t\t\t\t\t\t\t\t\t\t\t\t\t\t\t<img fetchpriority=\"high\" decoding=\"async\" width=\"300\" height=\"276\" src=\"https:\/\/ogs-echiquier.fr\/ogsechecs\/wp-content\/uploads\/2025\/09\/01a84265-e09c-5682-92ce-681c89a1afe2.jpg\" class=\"attachment-medium size-medium wp-image-510\" alt=\"\" \/>\t\t\t\t\t\t\t\t\t\t\t\t\t\t\t<\/div>\n\t\t\t\t<div class=\"elementor-element elementor-element-a7a66ca elementor-widget__width-initial elementor-widget elementor-widget-text-editor\" data-id=\"a7a66ca\" data-element_type=\"widget\" data-widget_type=\"text-editor.default\">\n\t\t\t\t\t\t\t\t\t<p>Le Club d\u00e9marre le 4 octobre prochain son 3-\u00e8me circuit de tournois rapides en 7 rondes de 12mn +3 au local du club 10 rue Fleming, le tournoi est gratuit et homologu\u00e9, limit\u00e9 \u00e0 36 joueurs et ouvert aux autres clubs.&nbsp;&nbsp;<\/p>\n<p>Les autres rendez-vous:&nbsp; 6 d\u00e9cembre,&nbsp; 7 f\u00e9vrier,&nbsp; 11 avril et 2 mai.&nbsp;<\/p>\n<p>L&rsquo;arbitrage est assur\u00e9 par Eric Le Rol.&nbsp;<\/p>\n<p>Le tournoi d\u00e9bute \u00e0 14h30, si vous d\u00e9sirez participer merci de pr\u00e9venir le Pr\u00e9sident Marc Ganty (marc.ganty@cegetel.net tel 06 14 11 70 32)&nbsp; et d&rsquo;\u00eatre pr\u00e9sent \u00e0 14h00 pour le pointage.&nbsp;<\/p>\t\t\t\t\t\t\t\t<\/div>\n\t\t\t\t\t<\/div>\n\t\t\t\t<\/div>\n\t\t<div class=\"elementor-element elementor-element-da1f932 e-flex e-con-boxed e-con e-parent\" data-id=\"da1f932\" data-element_type=\"container\">\n\t\t\t\t\t<div class=\"e-con-inner\">\n\t\t\t\t<div class=\"elementor-element elementor-element-520850b elementor-align-center elementor-widget elementor-widget-button\" data-id=\"520850b\" data-element_type=\"widget\" data-widget_type=\"button.default\">\n\t\t\t\t\t\t\t\t\t\t<a class=\"elementor-button elementor-button-link elementor-size-sm\" href=\"https:\/\/www.echecs.asso.fr\/FicheTournoi.aspx?Ref=68736\">\n\t\t\t\t\t\t<span class=\"elementor-button-content-wrapper\">\n\t\t\t\t\t\t\t\t\t<span class=\"elementor-button-text\">1-er rendez-vous 4\/10\/2025<\/span>\n\t\t\t\t\t<\/span>\n\t\t\t\t\t<\/a>\n\t\t\t\t\t\t\t\t<\/div>\n\t\t\t\t\t<\/div>\n\t\t\t\t<\/div>\n\t\t<div class=\"elementor-element elementor-element-bbdb97c e-flex e-con-boxed e-con e-parent\" data-id=\"bbdb97c\" data-element_type=\"container\">\n\t\t\t\t\t<div class=\"e-con-inner\">\n\t\t\t\t<div class=\"elementor-element elementor-element-2fc5ce8 elementor-align-center elementor-widget elementor-widget-button\" data-id=\"2fc5ce8\" data-element_type=\"widget\" data-widget_type=\"button.default\">\n\t\t\t\t\t\t\t\t\t\t<a class=\"elementor-button elementor-button-link elementor-size-sm\" href=\"https:\/\/www.echecs.asso.fr\/FicheTournoi.aspx?Ref=69655\">\n\t\t\t\t\t\t<span class=\"elementor-button-content-wrapper\">\n\t\t\t\t\t\t\t\t\t<span class=\"elementor-button-text\">2-e rendez-vous 6\/12\/2025<\/span>\n\t\t\t\t\t<\/span>\n\t\t\t\t\t<\/a>\n\t\t\t\t\t\t\t\t<\/div>\n\t\t\t\t<div class=\"elementor-element elementor-element-ffb98fb elementor-align-center elementor-widget elementor-widget-button\" data-id=\"ffb98fb\" data-element_type=\"widget\" data-widget_type=\"button.default\">\n\t\t\t\t\t\t\t\t\t\t<a class=\"elementor-button elementor-button-link elementor-size-sm\" href=\"https:\/\/www.echecs.asso.fr\/FicheTournoi.aspx?Ref=70634\">\n\t\t\t\t\t\t<span class=\"elementor-button-content-wrapper\">\n\t\t\t\t\t\t\t\t\t<span class=\"elementor-button-text\">3-e rendez-vous 7\/02\/2026<\/span>\n\t\t\t\t\t<\/span>\n\t\t\t\t\t<\/a>\n\t\t\t\t\t\t\t\t<\/div>\n\t\t\t\t<div class=\"elementor-element elementor-element-e940a14 elementor-align-center elementor-widget elementor-widget-button\" data-id=\"e940a14\" data-element_type=\"widget\" data-widget_type=\"button.default\">\n\t\t\t\t\t\t\t\t\t\t<a class=\"elementor-button elementor-button-link elementor-size-sm\" href=\"https:\/\/www.echecs.asso.fr\/FicheTournoi.aspx?Ref=71181\">\n\t\t\t\t\t\t<span class=\"elementor-button-content-wrapper\">\n\t\t\t\t\t\t\t\t\t<span class=\"elementor-button-text\">4-e rendez-vous 11\/04\/2026<\/span>\n\t\t\t\t\t<\/span>\n\t\t\t\t\t<\/a>\n\t\t\t\t\t\t\t\t<\/div>\n\t\t\t\t<div class=\"elementor-element elementor-element-1e3b938 elementor-align-center elementor-widget elementor-widget-button\" data-id=\"1e3b938\" data-element_type=\"widget\" data-widget_type=\"button.default\">\n\t\t\t\t\t\t\t\t\t\t<a class=\"elementor-button elementor-button-link elementor-size-sm\" href=\"https:\/\/www.echecs.asso.fr\/FicheTournoi.aspx?Ref=71509\">\n\t\t\t\t\t\t<span class=\"elementor-button-content-wrapper\">\n\t\t\t\t\t\t\t\t\t<span class=\"elementor-button-text\">5-e rendez-vous 2\/05\/2026<\/span>\n\t\t\t\t\t<\/span>\n\t\t\t\t\t<\/a>\n\t\t\t\t\t\t\t\t<\/div>\n\t\t\t\t\t<\/div>\n\t\t\t\t<\/div>\n\t\t<div class=\"elementor-element elementor-element-8224438 e-flex e-con-boxed e-con e-parent\" data-id=\"8224438\" data-element_type=\"container\">\n\t\t\t\t\t<div class=\"e-con-inner\">\n\t\t\t\t\t<\/div>\n\t\t\t\t<\/div>\n\t\t\t\t<\/div>\n\t\t","protected":false},"excerpt":{"rendered":"<p>CRIC : Circuit Rapide Inter-Clubs 2025-2026 Le Club d\u00e9marre le 4 octobre prochain son 3-\u00e8me circuit de tournois rapides en [&hellip;]<\/p>\n","protected":false},"author":2,"featured_media":510,"parent":0,"menu_order":0,"comment_status":"closed","ping_status":"closed","template":"","meta":{"site-sidebar-layout":"no-sidebar","site-content-layout":"","ast-site-content-layout":"full-width-container","site-content-style":"default","site-sidebar-style":"default","ast-global-header-display":"","ast-banner-title-visibility":"","ast-main-header-display":"","ast-hfb-above-header-display":"","ast-hfb-below-header-display":"","ast-hfb-mobile-header-display":"","site-post-title":"disabled","ast-breadcrumbs-content":"","ast-featured-img":"disabled","footer-sml-layout":"","ast-disable-related-posts":"","theme-transparent-header-meta":"","adv-header-id-meta":"","stick-header-meta":"","header-above-stick-meta":"","header-main-stick-meta":"","header-below-stick-meta":"","astra-migrate-meta-layouts":"default","ast-page-background-enabled":"default","ast-page-background-meta":{"desktop":{"background-color":"var(--ast-global-color-5)","background-image":"","background-repeat":"repeat","background-position":"center center","background-size":"auto","background-attachment":"scroll","background-type":"","background-media":"","overlay-type":"","overlay-color":"","overlay-opacity":"","overlay-gradient":""},"tablet":{"background-color":"","background-image":"","background-repeat":"repeat","background-position":"center center","background-size":"auto","background-attachment":"scroll","background-type":"","background-media":"","overlay-type":"","overlay-color":"","overlay-opacity":"","overlay-gradient":""},"mobile":{"background-color":"","background-image":"","background-repeat":"repeat","background-position":"center center","background-size":"auto","background-attachment":"scroll","background-type":"","background-media":"","overlay-type":"","overlay-color":"","overlay-opacity":"","overlay-gradient":""}},"ast-content-background-meta":{"desktop":{"background-color":"var(--ast-global-color-4)","background-image":"","background-repeat":"repeat","background-position":"center center","background-size":"auto","background-attachment":"scroll","background-type":"","background-media":"","overlay-type":"","overlay-color":"","overlay-opacity":"","overlay-gradient":""},"tablet":{"background-color":"var(--ast-global-color-4)","background-image":"","background-repeat":"repeat","background-position":"center center","background-size":"auto","background-attachment":"scroll","background-type":"","background-media":"","overlay-type":"","overlay-color":"","overlay-opacity":"","overlay-gradient":""},"mobile":{"background-color":"var(--ast-global-color-4)","background-image":"","background-repeat":"repeat","background-position":"center center","background-size":"auto","background-attachment":"scroll","background-type":"","background-media":"","overlay-type":"","overlay-color":"","overlay-opacity":"","overlay-gradient":""}},"footnotes":""},"class_list":["post-508","page","type-page","status-publish","has-post-thumbnail","hentry"],"_links":{"self":[{"href":"https:\/\/ogs-echiquier.fr\/ogsechecs\/wp-json\/wp\/v2\/pages\/508","targetHints":{"allow":["GET"]}}],"collection":[{"href":"https:\/\/ogs-echiquier.fr\/ogsechecs\/wp-json\/wp\/v2\/pages"}],"about":[{"href":"https:\/\/ogs-echiquier.fr\/ogsechecs\/wp-json\/wp\/v2\/types\/page"}],"author":[{"embeddable":true,"href":"https:\/\/ogs-echiquier.fr\/ogsechecs\/wp-json\/wp\/v2\/users\/2"}],"replies":[{"embeddable":true,"href":"https:\/\/ogs-echiquier.fr\/ogsechecs\/wp-json\/wp\/v2\/comments?post=508"}],"version-history":[{"count":71,"href":"https:\/\/ogs-echiquier.fr\/ogsechecs\/wp-json\/wp\/v2\/pages\/508\/revisions"}],"predecessor-version":[{"id":1299,"href":"https:\/\/ogs-echiquier.fr\/ogsechecs\/wp-json\/wp\/v2\/pages\/508\/revisions\/1299"}],"wp:featuredmedia":[{"embeddable":true,"href":"https:\/\/ogs-echiquier.fr\/ogsechecs\/wp-json\/wp\/v2\/media\/510"}],"wp:attachment":[{"href":"https:\/\/ogs-echiquier.fr\/ogsechecs\/wp-json\/wp\/v2\/media?parent=508"}],"curies":[{"name":"wp","href":"https:\/\/api.w.org\/{rel}","templated":true}]}}