{"id":53,"date":"2025-07-09T15:50:07","date_gmt":"2025-07-09T13:50:07","guid":{"rendered":"http:\/\/ogs-echiquier.fr\/ogsechecs\/?page_id=53"},"modified":"2025-09-11T16:03:15","modified_gmt":"2025-09-11T14:03:15","slug":"a-propos","status":"publish","type":"page","link":"https:\/\/ogs-echiquier.fr\/ogsechecs\/a-propos\/","title":{"rendered":"A propos"},"content":{"rendered":"\t\t<div data-elementor-type=\"wp-page\" data-elementor-id=\"53\" class=\"elementor elementor-53\">\n\t\t\t\t<div class=\"elementor-element elementor-element-7fe1462 e-flex e-con-boxed e-con e-parent\" data-id=\"7fe1462\" data-element_type=\"container\" data-e-type=\"container\" data-settings=\"{&quot;background_background&quot;:&quot;classic&quot;}\">\n\t\t\t\t\t<div class=\"e-con-inner\">\n\t\t\t\t<div class=\"elementor-element elementor-element-10002b1 elementor-widget elementor-widget-heading\" data-id=\"10002b1\" data-element_type=\"widget\" data-e-type=\"widget\" data-widget_type=\"heading.default\">\n\t\t\t\t\t<h3 class=\"elementor-heading-title elementor-size-default\">A propos<\/h3>\t\t\t\t<\/div>\n\t\t\t\t<div class=\"elementor-element elementor-element-449b485 elementor-widget-divider--view-line elementor-widget elementor-widget-divider\" data-id=\"449b485\" data-element_type=\"widget\" data-e-type=\"widget\" data-widget_type=\"divider.default\">\n\t\t\t\t\t\t\t<div class=\"elementor-divider\">\n\t\t\t<span class=\"elementor-divider-separator\">\n\t\t\t\t\t\t<\/span>\n\t\t<\/div>\n\t\t\t\t\t\t<\/div>\n\t\t\t\t<div class=\"elementor-element elementor-element-67b7c46 elementor-widget elementor-widget-heading\" data-id=\"67b7c46\" data-element_type=\"widget\" data-e-type=\"widget\" data-widget_type=\"heading.default\">\n\t\t\t\t\t<h2 class=\"elementor-heading-title elementor-size-default\">Les \u00e9checs \u00e0 la port\u00e9e de chacun<\/h2>\t\t\t\t<\/div>\n\t\t\t\t<div class=\"elementor-element elementor-element-a892d51 elementor-widget elementor-widget-heading\" data-id=\"a892d51\" data-element_type=\"widget\" data-e-type=\"widget\" data-widget_type=\"heading.default\">\n\t\t\t\t\t<h5 class=\"elementor-heading-title elementor-size-default\">Un club d\u2019\u00e9checs ouvert \u00e0 tous, pour apprendre, progresser et partager une passion commune.<\/h5>\t\t\t\t<\/div>\n\t\t\t\t\t<\/div>\n\t\t\t\t<\/div>\n\t\t<div class=\"elementor-element elementor-element-840105b e-flex e-con-boxed e-con e-parent\" data-id=\"840105b\" data-element_type=\"container\" data-e-type=\"container\">\n\t\t\t\t\t<div class=\"e-con-inner\">\n\t\t\t\t<div class=\"elementor-element elementor-element-3b2efef elementor-widget elementor-widget-text-editor\" data-id=\"3b2efef\" data-element_type=\"widget\" data-e-type=\"widget\" data-widget_type=\"text-editor.default\">\n\t\t\t\t\t\t\t\t\t<p>Le Coin de l\u2019Echiquier, club d\u2019\u00e9checs de Grande Synthe, est n\u00e9 le 03 novembre 1995\u00a0; date de la d\u00e9claration au Journal Officiel.<\/p><p>Le Championnat D\u00e9partemental de la saison 96\/97 voit la premi\u00e8re participation d\u2019une \u00e9quipe locale. Depuis et au cours de chaque saison sportive, le club engage une ou plusieurs \u00e9quipes dans les Championnat de clubs D\u00e9partementaux, R\u00e9gionaux ou Nationaux.<\/p><p>En novembre 1999, durant les vacances de la Toussaints, le club accueille le Championnat du Nord des jeunes, comp\u00e9tition r\u00e9serv\u00e9e aux joueurs du Nord de moins de 20 ans et qualificative pour le Championnat de Ligue et le Championnat de France. Quatre joueurs locaux y font leurs premi\u00e8res armes et se classent \u00e0 une place honorable parmi les 120 participants.<\/p><p>En avril 2000, le club obtient un agr\u00e9ment au titre des activit\u00e9s sportives par convention sign\u00e9e aupr\u00e8s de la Direction R\u00e9gionale et D\u00e9partementale Jeunesse et Sport.<\/p><p>D\u2019abord situ\u00e9 \u00e0 la Maison de Quartier du Courghain, le club d\u00e9m\u00e9nage au 8, avenue de l\u2019Ancien Village en 2001. En novembre 2003 l\u2019assembl\u00e9e g\u00e9n\u00e9rale statue et vote l\u2019adh\u00e9sion \u00e0 l\u2019OGS Union\u00a0; le club devient l\u2019Olympique Grande Synthe Coin de l\u2019Echiquier.<\/p><p>En 2004, le club signe une convention avec la Caisse d\u2019Allocation Familiale de Dunkerque et s\u2019inscrit au dispositif Tickets Loisirs.<\/p><p>En juin 2006 le club d\u00e9m\u00e9nage une seconde fois au 10, rue Fleming, locaux qu\u2019il occupe actuellement.<\/p><p>Depuis sa cr\u00e9ation, le club organise r\u00e9guli\u00e8rement et presque chaque ann\u00e9e un Tournoi Open de parties rapides qui voit la participation de plusieurs dizaines de joueurs venus de la r\u00e9gion Nord Pas-De-Calais. Plusieurs de ses membres participent chaque ann\u00e9e \u00e0 l\u2019Open International de Cappelle La Grande. Les joueurs Grand-Synthois participent aussi aux diff\u00e9rents tournois organis\u00e9s par les clubs de la r\u00e9gion. L\u2019Olympique Grande Synthe Coin de l\u2019Echiquier participe activement \u00e0 la vie associative sur la ville de Grande Synthe\u00a0; (f\u00eates des associations\u00a0; festival des jeux\u00a0; \u00e9t\u00e9 des associations\u2026) et au-del\u00e0, par plusieurs rencontres amicales avec le centre AFPA de Dunkerque. Enfin, il contribue au d\u00e9veloppement de la pratique du jeu d\u2019\u00e9checs en s\u2019associant aux formations d\u2019animateurs et d\u2019arbitres conduites par la F\u00e9d\u00e9ration Fran\u00e7aise des Echecs.<\/p><p>Les effectifs du club vont croissant depuis sa cr\u00e9ation, les jeunes notamment sont plus nombreux \u00e0 d\u00e9couvrir et \u00e0 pratiquer le jeu d\u2019\u00e9checs\u2026<\/p><p>L\u2019Olympique Grande Synthe Coin de l\u2019Echiquier accueille les Championnats du Nord Jeunes (pour la seconde fois) en 2009\u00a0; 100 jeunes venus de tout le d\u00e9partement 59 y participent et 4 olympiens se qualifient pour les prochains Championnats de Ligue.<\/p><p>En 2009, l\u2019effectif du club d\u00e9passe les 40 adh\u00e9rents\u00a0; soit le double de ce qu\u2019il comptait jusqu\u2019alors\u00a0! Son avenir est donc pleinement assur\u00e9 et encourageant&#8230;<\/p>\t\t\t\t\t\t\t\t<\/div>\n\t\t\t\t\t<\/div>\n\t\t\t\t<\/div>\n\t\t<div class=\"elementor-element elementor-element-b88ed2b e-flex e-con-boxed e-con e-parent\" data-id=\"b88ed2b\" data-element_type=\"container\" data-e-type=\"container\">\n\t\t\t\t\t<div class=\"e-con-inner\">\n\t\t<div class=\"elementor-element elementor-element-d6cd7af e-con-full e-flex e-con e-child\" data-id=\"d6cd7af\" data-element_type=\"container\" data-e-type=\"container\" data-settings=\"{&quot;background_background&quot;:&quot;classic&quot;}\">\n\t\t\t\t<div class=\"elementor-element elementor-element-1bd070e elementor-widget elementor-widget-heading\" data-id=\"1bd070e\" data-element_type=\"widget\" data-e-type=\"widget\" data-widget_type=\"heading.default\">\n\t\t\t\t\t<h2 class=\"elementor-heading-title elementor-size-default\">Et si c\u2019\u00e9tait le moment de franchir le pas ?<\/h2>\t\t\t\t<\/div>\n\t\t\t\t<div class=\"elementor-element elementor-element-184dcda elementor-widget elementor-widget-heading\" data-id=\"184dcda\" data-element_type=\"widget\" data-e-type=\"widget\" data-widget_type=\"heading.default\">\n\t\t\t\t\t<p class=\"elementor-heading-title elementor-size-default\">Rejoignez un club \u00e0 taille humaine, o\u00f9 le plaisir de jouer passe avant tout.<\/p>\t\t\t\t<\/div>\n\t\t\t\t<div class=\"elementor-element elementor-element-f571e9e elementor-align-center e-transform elementor-widget elementor-widget-button\" data-id=\"f571e9e\" data-element_type=\"widget\" data-e-type=\"widget\" data-settings=\"{&quot;_transform_scale_effect_hover&quot;:{&quot;unit&quot;:&quot;px&quot;,&quot;size&quot;:1.1,&quot;sizes&quot;:[]},&quot;_transform_scale_effect_hover_tablet&quot;:{&quot;unit&quot;:&quot;px&quot;,&quot;size&quot;:&quot;&quot;,&quot;sizes&quot;:[]},&quot;_transform_scale_effect_hover_mobile&quot;:{&quot;unit&quot;:&quot;px&quot;,&quot;size&quot;:&quot;&quot;,&quot;sizes&quot;:[]}}\" data-widget_type=\"button.default\">\n\t\t\t\t\t\t\t\t\t\t<a class=\"elementor-button elementor-button-link elementor-size-sm\" href=\"http:\/\/ogs-echiquier.fr\/ogsechecs\/inscription-2025-2026\/\">\n\t\t\t\t\t\t<span class=\"elementor-button-content-wrapper\">\n\t\t\t\t\t\t\t\t\t<span class=\"elementor-button-text\">Rejoindre le club<\/span>\n\t\t\t\t\t<\/span>\n\t\t\t\t\t<\/a>\n\t\t\t\t\t\t\t\t<\/div>\n\t\t\t\t<\/div>\n\t\t\t\t\t<\/div>\n\t\t\t\t<\/div>\n\t\t\t\t<\/div>\n\t\t","protected":false},"excerpt":{"rendered":"<p>A propos Les \u00e9checs \u00e0 la port\u00e9e de chacun Un club d\u2019\u00e9checs ouvert \u00e0 tous, pour apprendre, progresser et partager [&hellip;]<\/p>\n","protected":false},"author":1,"featured_media":0,"parent":0,"menu_order":0,"comment_status":"closed","ping_status":"closed","template":"","meta":{"site-sidebar-layout":"no-sidebar","site-content-layout":"","ast-site-content-layout":"full-width-container","site-content-style":"default","site-sidebar-style":"default","ast-global-header-display":"","ast-banner-title-visibility":"","ast-main-header-display":"","ast-hfb-above-header-display":"","ast-hfb-below-header-display":"","ast-hfb-mobile-header-display":"","site-post-title":"disabled","ast-breadcrumbs-content":"","ast-featured-img":"disabled","footer-sml-layout":"","ast-disable-related-posts":"","theme-transparent-header-meta":"","adv-header-id-meta":"","stick-header-meta":"","header-above-stick-meta":"","header-main-stick-meta":"","header-below-stick-meta":"","astra-migrate-meta-layouts":"default","ast-page-background-enabled":"default","ast-page-background-meta":{"desktop":{"background-color":"var(--ast-global-color-5)","background-image":"","background-repeat":"repeat","background-position":"center center","background-size":"auto","background-attachment":"scroll","background-type":"","background-media":"","overlay-type":"","overlay-color":"","overlay-opacity":"","overlay-gradient":""},"tablet":{"background-color":"","background-image":"","background-repeat":"repeat","background-position":"center center","background-size":"auto","background-attachment":"scroll","background-type":"","background-media":"","overlay-type":"","overlay-color":"","overlay-opacity":"","overlay-gradient":""},"mobile":{"background-color":"","background-image":"","background-repeat":"repeat","background-position":"center center","background-size":"auto","background-attachment":"scroll","background-type":"","background-media":"","overlay-type":"","overlay-color":"","overlay-opacity":"","overlay-gradient":""}},"ast-content-background-meta":{"desktop":{"background-color":"var(--ast-global-color-4)","background-image":"","background-repeat":"repeat","background-position":"center center","background-size":"auto","background-attachment":"scroll","background-type":"","background-media":"","overlay-type":"","overlay-color":"","overlay-opacity":"","overlay-gradient":""},"tablet":{"background-color":"var(--ast-global-color-4)","background-image":"","background-repeat":"repeat","background-position":"center center","background-size":"auto","background-attachment":"scroll","background-type":"","background-media":"","overlay-type":"","overlay-color":"","overlay-opacity":"","overlay-gradient":""},"mobile":{"background-color":"var(--ast-global-color-4)","background-image":"","background-repeat":"repeat","background-position":"center center","background-size":"auto","background-attachment":"scroll","background-type":"","background-media":"","overlay-type":"","overlay-color":"","overlay-opacity":"","overlay-gradient":""}},"footnotes":""},"class_list":["post-53","page","type-page","status-publish","hentry"],"_links":{"self":[{"href":"https:\/\/ogs-echiquier.fr\/ogsechecs\/wp-json\/wp\/v2\/pages\/53","targetHints":{"allow":["GET"]}}],"collection":[{"href":"https:\/\/ogs-echiquier.fr\/ogsechecs\/wp-json\/wp\/v2\/pages"}],"about":[{"href":"https:\/\/ogs-echiquier.fr\/ogsechecs\/wp-json\/wp\/v2\/types\/page"}],"author":[{"embeddable":true,"href":"https:\/\/ogs-echiquier.fr\/ogsechecs\/wp-json\/wp\/v2\/users\/1"}],"replies":[{"embeddable":true,"href":"https:\/\/ogs-echiquier.fr\/ogsechecs\/wp-json\/wp\/v2\/comments?post=53"}],"version-history":[{"count":25,"href":"https:\/\/ogs-echiquier.fr\/ogsechecs\/wp-json\/wp\/v2\/pages\/53\/revisions"}],"predecessor-version":[{"id":488,"href":"https:\/\/ogs-echiquier.fr\/ogsechecs\/wp-json\/wp\/v2\/pages\/53\/revisions\/488"}],"wp:attachment":[{"href":"https:\/\/ogs-echiquier.fr\/ogsechecs\/wp-json\/wp\/v2\/media?parent=53"}],"curies":[{"name":"wp","href":"https:\/\/api.w.org\/{rel}","templated":true}]}}