{"id":573,"date":"2025-09-15T11:40:45","date_gmt":"2025-09-15T09:40:45","guid":{"rendered":"https:\/\/ogs-echiquier.fr\/ogsechecs\/?page_id=573"},"modified":"2026-04-13T20:49:15","modified_gmt":"2026-04-13T18:49:15","slug":"elementor-573","status":"publish","type":"page","link":"https:\/\/ogs-echiquier.fr\/ogsechecs\/elementor-573\/","title":{"rendered":"TIC Tournoi Interne Club"},"content":{"rendered":"\t\t<div data-elementor-type=\"wp-post\" data-elementor-id=\"573\" class=\"elementor elementor-573\">\n\t\t\t\t<div class=\"elementor-element elementor-element-5534a47 e-flex e-con-boxed e-con e-parent\" data-id=\"5534a47\" data-element_type=\"container\">\n\t\t\t\t\t<div class=\"e-con-inner\">\n\t\t\t\t<div class=\"elementor-element elementor-element-581dfcd elementor-widget elementor-widget-heading\" data-id=\"581dfcd\" data-element_type=\"widget\" data-widget_type=\"heading.default\">\n\t\t\t\t\t<h2 class=\"elementor-heading-title elementor-size-default\">TIC: Tournoi Interne Club<\/h2>\t\t\t\t<\/div>\n\t\t\t\t\t<\/div>\n\t\t\t\t<\/div>\n\t\t<div class=\"elementor-element elementor-element-da54325 e-flex e-con-boxed e-con e-parent\" data-id=\"da54325\" data-element_type=\"container\">\n\t\t\t\t\t<div class=\"e-con-inner\">\n\t\t\t\t<div class=\"elementor-element elementor-element-6c3367b elementor-widget elementor-widget-image\" data-id=\"6c3367b\" data-element_type=\"widget\" data-widget_type=\"image.default\">\n\t\t\t\t\t\t\t\t\t\t\t\t\t\t\t<img fetchpriority=\"high\" decoding=\"async\" width=\"1024\" height=\"748\" src=\"https:\/\/ogs-echiquier.fr\/ogsechecs\/wp-content\/uploads\/2025\/07\/465914633_10230170915831227_4020346118094788154_n-1-1024x748.jpg\" class=\"attachment-large size-large wp-image-85\" alt=\"\" srcset=\"https:\/\/ogs-echiquier.fr\/ogsechecs\/wp-content\/uploads\/2025\/07\/465914633_10230170915831227_4020346118094788154_n-1-1024x748.jpg 1024w, https:\/\/ogs-echiquier.fr\/ogsechecs\/wp-content\/uploads\/2025\/07\/465914633_10230170915831227_4020346118094788154_n-1-300x219.jpg 300w, https:\/\/ogs-echiquier.fr\/ogsechecs\/wp-content\/uploads\/2025\/07\/465914633_10230170915831227_4020346118094788154_n-1-768x561.jpg 768w, https:\/\/ogs-echiquier.fr\/ogsechecs\/wp-content\/uploads\/2025\/07\/465914633_10230170915831227_4020346118094788154_n-1.jpg 1536w\" sizes=\"(max-width: 1024px) 100vw, 1024px\" \/>\t\t\t\t\t\t\t\t\t\t\t\t\t\t\t<\/div>\n\t\t\t\t\t<\/div>\n\t\t\t\t<\/div>\n\t\t<div class=\"elementor-element elementor-element-744d0bf e-flex e-con-boxed e-con e-parent\" data-id=\"744d0bf\" data-element_type=\"container\">\n\t\t\t\t\t<div class=\"e-con-inner\">\n\t\t\t\t<div class=\"elementor-element elementor-element-c3ff836 elementor-widget elementor-widget-text-editor\" data-id=\"c3ff836\" data-element_type=\"widget\" data-widget_type=\"text-editor.default\">\n\t\t\t\t\t\t\t\t\t<p>.Pour progresser aux \u00e9checs il n&rsquo;y a pas de formule magique: il faut \u00e9tudier dur, s&rsquo;entrainer et mettre son appris en pratique dans des tournois classiques. C&rsquo;est pourquoi notre club organise chaque saison son \u00ab\u00a0Tournoi Interne Club\u00a0\u00bb ouvert \u00e0 tous nos membres, licence A et B.<\/p>\n<p>Cela permet en outre de d\u00e9signer notre \u00ab\u00a0Crac de la saison\u00a0\u00bb. N&rsquo;h\u00e9sitez donc pas \u00e0 vous inscrire. Vous trouverez tous les d\u00e9tails du tournois ci-apr\u00e8s.<\/p>\t\t\t\t\t\t\t\t<\/div>\n\t\t\t\t<div class=\"elementor-element elementor-element-6ee455d elementor-widget elementor-widget-text-editor\" data-id=\"6ee455d\" data-element_type=\"widget\" data-widget_type=\"text-editor.default\">\n\t\t\t\t\t\t\t\t\t<p><u>R\u00e8glement et calendrier\u00a0<\/u><\/p>\t\t\t\t\t\t\t\t<\/div>\n\t\t\t\t\t<\/div>\n\t\t\t\t<\/div>\n\t\t<div class=\"elementor-element elementor-element-67d5ee0 e-flex e-con-boxed e-con e-parent\" data-id=\"67d5ee0\" data-element_type=\"container\">\n\t\t\t\t\t<div class=\"e-con-inner\">\n\t\t\t\t<div class=\"elementor-element elementor-element-3cf51fe elementor-widget elementor-widget-text-editor\" data-id=\"3cf51fe\" data-element_type=\"widget\" data-widget_type=\"text-editor.default\">\n\t\t\t\t\t\t\t\t\t<p><a href=\"http:\/\/ogs-echiquier.fr\/ogsechecs\/wp-content\/uploads\/2025\/09\/tic25-26-1.pdf\">tic25-26<\/a><\/p>\n<p><\/p>\t\t\t\t\t\t\t\t<\/div>\n\t\t\t\t\t<\/div>\n\t\t\t\t<\/div>\n\t\t<div class=\"elementor-element elementor-element-01e6ab0 e-flex e-con-boxed e-con e-parent\" data-id=\"01e6ab0\" data-element_type=\"container\">\n\t\t\t\t\t<div class=\"e-con-inner\">\n\t\t\t\t<div class=\"elementor-element elementor-element-83d7961 elementor-widget elementor-widget-text-editor\" data-id=\"83d7961\" data-element_type=\"widget\" data-widget_type=\"text-editor.default\">\n\t\t\t\t\t\t\t\t\t<p><u>R\u00e9sultats<\/u><\/p>\t\t\t\t\t\t\t\t<\/div>\n\t\t\t\t\t<\/div>\n\t\t\t\t<\/div>\n\t\t<div class=\"elementor-element elementor-element-c596e85 e-flex e-con-boxed e-con e-parent\" data-id=\"c596e85\" data-element_type=\"container\">\n\t\t\t\t\t<div class=\"e-con-inner\">\n\t\t\t\t<div class=\"elementor-element elementor-element-6312e9a elementor-widget elementor-widget-text-editor\" data-id=\"6312e9a\" data-element_type=\"widget\" data-widget_type=\"text-editor.default\">\n\t\t\t\t\t\t\t\t\t<p><a href=\"http:\/\/ogs-echiquier.fr\/ogsechecs\/wp-content\/uploads\/2025\/09\/appariement-ronde-1.pdf\">appariement ronde 1<\/a><\/p>\t\t\t\t\t\t\t\t<\/div>\n\t\t\t\t<div class=\"elementor-element elementor-element-ae56ee8 elementor-widget elementor-widget-text-editor\" data-id=\"ae56ee8\" data-element_type=\"widget\" data-widget_type=\"text-editor.default\">\n\t\t\t\t\t\t\t\t\t<p><a href=\"http:\/\/ogs-echiquier.fr\/ogsechecs\/wp-content\/uploads\/2025\/10\/appariement-ronde-2-003.pdf\">appariement ronde 2<\/a><\/p>\t\t\t\t\t\t\t\t<\/div>\n\t\t\t\t<div class=\"elementor-element elementor-element-8d50807 elementor-widget elementor-widget-text-editor\" data-id=\"8d50807\" data-element_type=\"widget\" data-widget_type=\"text-editor.default\">\n\t\t\t\t\t\t\t\t\t<p><span style=\"text-decoration: underline;\"><a href=\"http:\/\/ogs-echiquier.fr\/ogsechecs\/wp-content\/uploads\/2025\/11\/ronde-3-tic.pdf\">appariement ronde 3<\/a><\/span><\/p>\t\t\t\t\t\t\t\t<\/div>\n\t\t\t\t\t<\/div>\n\t\t\t\t<\/div>\n\t\t<div class=\"elementor-element elementor-element-684430d e-flex e-con-boxed e-con e-parent\" data-id=\"684430d\" data-element_type=\"container\">\n\t\t\t\t\t<div class=\"e-con-inner\">\n\t\t\t\t<div class=\"elementor-element elementor-element-d2e8ced elementor-widget elementor-widget-text-editor\" data-id=\"d2e8ced\" data-element_type=\"widget\" data-widget_type=\"text-editor.default\">\n\t\t\t\t\t\t\t\t\t<p><a href=\"http:\/\/ogs-echiquier.fr\/ogsechecs\/wp-content\/uploads\/2025\/12\/appariement-4.pdf\"><span style=\"text-decoration: underline;\">appariement ronde<\/span> 4<\/a><\/p>\t\t\t\t\t\t\t\t<\/div>\n\t\t<div class=\"elementor-element elementor-element-3a5b391 e-con-full e-flex e-con e-child\" data-id=\"3a5b391\" data-element_type=\"container\">\n\t\t\t\t<div class=\"elementor-element elementor-element-2e3e175 elementor-widget elementor-widget-text-editor\" data-id=\"2e3e175\" data-element_type=\"widget\" data-widget_type=\"text-editor.default\">\n\t\t\t\t\t\t\t\t\t<p><a href=\"http:\/\/ogs-echiquier.fr\/ogsechecs\/wp-content\/uploads\/2026\/01\/appariement-5.pdf\"><span style=\"text-decoration: underline;\"><strong>appariement ronde 5<\/strong><\/span><\/a><\/p>\t\t\t\t\t\t\t\t<\/div>\n\t\t\t\t<\/div>\n\t\t<div class=\"elementor-element elementor-element-f363be9 e-con-full e-flex e-con e-child\" data-id=\"f363be9\" data-element_type=\"container\">\n\t\t\t\t<div class=\"elementor-element elementor-element-2291d8c elementor-widget elementor-widget-text-editor\" data-id=\"2291d8c\" data-element_type=\"widget\" data-widget_type=\"text-editor.default\">\n\t\t\t\t\t\t\t\t\t<p><a href=\"http:\/\/ogs-echiquier.fr\/ogsechecs\/wp-content\/uploads\/2026\/04\/tic-ronde-6.pdf\"><span style=\"text-decoration: underline;\"><strong>appariement ronde 6<\/strong><\/span><\/a><\/p>\t\t\t\t\t\t\t\t<\/div>\n\t\t\t\t<\/div>\n\t\t<div class=\"elementor-element elementor-element-fb64713 e-con-full e-flex e-con e-child\" data-id=\"fb64713\" data-element_type=\"container\">\n\t\t\t\t<div class=\"elementor-element elementor-element-79b53b4 elementor-widget elementor-widget-text-editor\" data-id=\"79b53b4\" data-element_type=\"widget\" data-widget_type=\"text-editor.default\">\n\t\t\t\t\t\t\t\t\t<p><span style=\"text-decoration: underline;\"><strong>appariement ronde 7<\/strong><\/span><\/p>\t\t\t\t\t\t\t\t<\/div>\n\t\t\t\t<\/div>\n\t\t\t\t<div class=\"elementor-element elementor-element-93bb081 elementor-align-center elementor-widget elementor-widget-button\" data-id=\"93bb081\" data-element_type=\"widget\" data-widget_type=\"button.default\">\n\t\t\t\t\t\t\t\t\t\t<a class=\"elementor-button elementor-button-link elementor-size-sm\" href=\"http:\/\/ogs-echiquier.fr\/ogsechecs\/wp-content\/uploads\/2026\/04\/classement-tic-ronde-6.pdf\">\n\t\t\t\t\t\t<span class=\"elementor-button-content-wrapper\">\n\t\t\t\t\t\t\t\t\t<span class=\"elementor-button-text\">Classement<\/span>\n\t\t\t\t\t<\/span>\n\t\t\t\t\t<\/a>\n\t\t\t\t\t\t\t\t<\/div>\n\t\t\t\t\t<\/div>\n\t\t\t\t<\/div>\n\t\t\t\t<\/div>\n\t\t","protected":false},"excerpt":{"rendered":"<p>TIC: Tournoi Interne Club .Pour progresser aux \u00e9checs il n&rsquo;y a pas de formule magique: il faut \u00e9tudier dur, s&rsquo;entrainer [&hellip;]<\/p>\n","protected":false},"author":5,"featured_media":0,"parent":0,"menu_order":0,"comment_status":"closed","ping_status":"closed","template":"","meta":{"site-sidebar-layout":"no-sidebar","site-content-layout":"","ast-site-content-layout":"full-width-container","site-content-style":"default","site-sidebar-style":"default","ast-global-header-display":"","ast-banner-title-visibility":"","ast-main-header-display":"","ast-hfb-above-header-display":"","ast-hfb-below-header-display":"","ast-hfb-mobile-header-display":"","site-post-title":"","ast-breadcrumbs-content":"","ast-featured-img":"disabled","footer-sml-layout":"","ast-disable-related-posts":"","theme-transparent-header-meta":"","adv-header-id-meta":"","stick-header-meta":"","header-above-stick-meta":"","header-main-stick-meta":"","header-below-stick-meta":"","astra-migrate-meta-layouts":"default","ast-page-background-enabled":"default","ast-page-background-meta":{"desktop":{"background-color":"var(--ast-global-color-5)","background-image":"","background-repeat":"repeat","background-position":"center center","background-size":"auto","background-attachment":"scroll","background-type":"","background-media":"","overlay-type":"","overlay-color":"","overlay-opacity":"","overlay-gradient":""},"tablet":{"background-color":"","background-image":"","background-repeat":"repeat","background-position":"center center","background-size":"auto","background-attachment":"scroll","background-type":"","background-media":"","overlay-type":"","overlay-color":"","overlay-opacity":"","overlay-gradient":""},"mobile":{"background-color":"","background-image":"","background-repeat":"repeat","background-position":"center center","background-size":"auto","background-attachment":"scroll","background-type":"","background-media":"","overlay-type":"","overlay-color":"","overlay-opacity":"","overlay-gradient":""}},"ast-content-background-meta":{"desktop":{"background-color":"var(--ast-global-color-4)","background-image":"","background-repeat":"repeat","background-position":"center center","background-size":"auto","background-attachment":"scroll","background-type":"","background-media":"","overlay-type":"","overlay-color":"","overlay-opacity":"","overlay-gradient":""},"tablet":{"background-color":"var(--ast-global-color-4)","background-image":"","background-repeat":"repeat","background-position":"center center","background-size":"auto","background-attachment":"scroll","background-type":"","background-media":"","overlay-type":"","overlay-color":"","overlay-opacity":"","overlay-gradient":""},"mobile":{"background-color":"var(--ast-global-color-4)","background-image":"","background-repeat":"repeat","background-position":"center center","background-size":"auto","background-attachment":"scroll","background-type":"","background-media":"","overlay-type":"","overlay-color":"","overlay-opacity":"","overlay-gradient":""}},"footnotes":""},"class_list":["post-573","page","type-page","status-publish","hentry"],"_links":{"self":[{"href":"https:\/\/ogs-echiquier.fr\/ogsechecs\/wp-json\/wp\/v2\/pages\/573","targetHints":{"allow":["GET"]}}],"collection":[{"href":"https:\/\/ogs-echiquier.fr\/ogsechecs\/wp-json\/wp\/v2\/pages"}],"about":[{"href":"https:\/\/ogs-echiquier.fr\/ogsechecs\/wp-json\/wp\/v2\/types\/page"}],"author":[{"embeddable":true,"href":"https:\/\/ogs-echiquier.fr\/ogsechecs\/wp-json\/wp\/v2\/users\/5"}],"replies":[{"embeddable":true,"href":"https:\/\/ogs-echiquier.fr\/ogsechecs\/wp-json\/wp\/v2\/comments?post=573"}],"version-history":[{"count":209,"href":"https:\/\/ogs-echiquier.fr\/ogsechecs\/wp-json\/wp\/v2\/pages\/573\/revisions"}],"predecessor-version":[{"id":1396,"href":"https:\/\/ogs-echiquier.fr\/ogsechecs\/wp-json\/wp\/v2\/pages\/573\/revisions\/1396"}],"wp:attachment":[{"href":"https:\/\/ogs-echiquier.fr\/ogsechecs\/wp-json\/wp\/v2\/media?parent=573"}],"curies":[{"name":"wp","href":"https:\/\/api.w.org\/{rel}","templated":true}]}}