{"id":648,"date":"2025-09-20T16:27:26","date_gmt":"2025-09-20T14:27:26","guid":{"rendered":"https:\/\/ogs-echiquier.fr\/ogsechecs\/?page_id=648"},"modified":"2025-10-12T20:01:47","modified_gmt":"2025-10-12T18:01:47","slug":"elementor-648","status":"publish","type":"page","link":"https:\/\/ogs-echiquier.fr\/ogsechecs\/elementor-648\/","title":{"rendered":"Tournoi rapide du 11 novembre"},"content":{"rendered":"\t\t<div data-elementor-type=\"wp-page\" data-elementor-id=\"648\" class=\"elementor elementor-648\">\n\t\t\t\t<div class=\"elementor-element elementor-element-aafbdf8 e-flex e-con-boxed e-con e-parent\" data-id=\"aafbdf8\" data-element_type=\"container\" data-e-type=\"container\">\n\t\t\t\t\t<div class=\"e-con-inner\">\n\t\t\t\t<div class=\"elementor-element elementor-element-6a606f8 elementor-widget elementor-widget-heading\" data-id=\"6a606f8\" data-element_type=\"widget\" data-e-type=\"widget\" data-widget_type=\"heading.default\">\n\t\t\t\t\t<h2 class=\"elementor-heading-title elementor-size-default\">25\u00e8 Tournoi de parties rapides 2025<\/h2>\t\t\t\t<\/div>\n\t\t\t\t<div class=\"elementor-element elementor-element-cdf61d2 elementor-widget elementor-widget-image\" data-id=\"cdf61d2\" data-element_type=\"widget\" data-e-type=\"widget\" data-widget_type=\"image.default\">\n\t\t\t\t\t\t\t\t\t\t\t\t\t\t\t<img decoding=\"async\" width=\"300\" height=\"165\" src=\"https:\/\/ogs-echiquier.fr\/ogsechecs\/wp-content\/uploads\/2025\/09\/11-novembre-300x165.jpg\" class=\"attachment-medium size-medium wp-image-650\" alt=\"\" srcset=\"https:\/\/ogs-echiquier.fr\/ogsechecs\/wp-content\/uploads\/2025\/09\/11-novembre-300x165.jpg 300w, https:\/\/ogs-echiquier.fr\/ogsechecs\/wp-content\/uploads\/2025\/09\/11-novembre-768x423.jpg 768w, https:\/\/ogs-echiquier.fr\/ogsechecs\/wp-content\/uploads\/2025\/09\/11-novembre.jpg 792w\" sizes=\"(max-width: 300px) 100vw, 300px\" \/>\t\t\t\t\t\t\t\t\t\t\t\t\t\t\t<\/div>\n\t\t\t\t\t<\/div>\n\t\t\t\t<\/div>\n\t\t<div class=\"elementor-element elementor-element-0ffd427 e-flex e-con-boxed e-con e-parent\" data-id=\"0ffd427\" data-element_type=\"container\" data-e-type=\"container\">\n\t\t\t\t\t<div class=\"e-con-inner\">\n\t\t\t\t<div class=\"elementor-element elementor-element-d8f9697 elementor-widget elementor-widget-text-editor\" data-id=\"d8f9697\" data-element_type=\"widget\" data-e-type=\"widget\" data-widget_type=\"text-editor.default\">\n\t\t\t\t\t\t\t\t\t<p>Notre 25-\u00e8me tounoi de parties rapides aura lieu \u00e0 l&rsquo;Atrium, Place du March\u00e9 \u00e0 Grande-Synthe.\u00a0<\/p><p>Pour les d\u00e9tails voir ci-dessous.<\/p>\t\t\t\t\t\t\t\t<\/div>\n\t\t<div class=\"elementor-element elementor-element-ec92ad2 e-con-full e-flex e-con e-child\" data-id=\"ec92ad2\" data-element_type=\"container\" data-e-type=\"container\">\n\t\t\t\t<div class=\"elementor-element elementor-element-60782ec elementor-widget__width-initial elementor-widget elementor-widget-image\" data-id=\"60782ec\" data-element_type=\"widget\" data-e-type=\"widget\" data-widget_type=\"image.default\">\n\t\t\t\t\t\t\t\t\t\t\t\t\t\t\t\t<a href=\"https:\/\/echecs.asso.fr\/Tournois\/Id\/68496\/68496.pdf\">\n\t\t\t\t\t\t\t<img fetchpriority=\"high\" decoding=\"async\" width=\"725\" height=\"1024\" src=\"https:\/\/ogs-echiquier.fr\/ogsechecs\/wp-content\/uploads\/2025\/10\/68496_page-0001-725x1024.jpg\" class=\"attachment-large size-large wp-image-979\" alt=\"\" srcset=\"https:\/\/ogs-echiquier.fr\/ogsechecs\/wp-content\/uploads\/2025\/10\/68496_page-0001-725x1024.jpg 725w, https:\/\/ogs-echiquier.fr\/ogsechecs\/wp-content\/uploads\/2025\/10\/68496_page-0001-212x300.jpg 212w, https:\/\/ogs-echiquier.fr\/ogsechecs\/wp-content\/uploads\/2025\/10\/68496_page-0001-768x1085.jpg 768w, https:\/\/ogs-echiquier.fr\/ogsechecs\/wp-content\/uploads\/2025\/10\/68496_page-0001-1087x1536.jpg 1087w, https:\/\/ogs-echiquier.fr\/ogsechecs\/wp-content\/uploads\/2025\/10\/68496_page-0001.jpg 1241w\" sizes=\"(max-width: 725px) 100vw, 725px\" \/>\t\t\t\t\t\t\t\t<\/a>\n\t\t\t\t\t\t\t\t\t\t\t\t\t\t\t<\/div>\n\t\t\t\t<div class=\"elementor-element elementor-element-9717924 elementor-widget__width-initial elementor-widget elementor-widget-pdf_smart_viewer\" data-id=\"9717924\" data-element_type=\"widget\" data-e-type=\"widget\" data-widget_type=\"pdf_smart_viewer.default\">\n\t\t\t\t<div class=\"elementor-widget-container\">\n\t\t\t\t\t        <div class=\"epsv-container\" id=\"epsv-9717924\"\n            data-pdf-url=\"https:\/\/ogs-echiquier.fr\/ogsechecs\/wp-content\/uploads\/2025\/09\/RI-RapOGS-20251111-2.pdf\"\n            data-widget-id=\"9717924\"\n            data-initial-zoom=\"1\"\n            data-show-zoom=\"true\"\n            data-show-fullscreen=\"true\"\n            data-show-download=\"true\"\n            data-show-print=\"true\"\n            data-show-page-info=\"true\">\n\n            <div class=\"epsv-viewer\">\n                <canvas class=\"epsv-canvas\"><\/canvas>\n                <div class=\"epsv-loading\">\n                    <div class=\"epsv-spinner\"><\/div>\n                    <p>Loading PDF...<\/p>\n                <\/div>\n                <div class=\"epsv-error\" style=\"display: none;\">\n                    <p>Error loading PDF. Please check the URL or file.<\/p>\n                <\/div>\n            <\/div>\n\n                            <div class=\"epsv-controls\">\n                    <div class=\"epsv-controls-left\">\n                        <button class=\"epsv-btn epsv-zoom-out\" title=\"Zoom Out\">\n                            <span class=\"epsv-icon\">\u2212<\/span>\n                        <\/button>\n                        <button class=\"epsv-btn epsv-zoom-in\" title=\"Zoom In\">\n                            <span class=\"epsv-icon\">+<\/span>\n                        <\/button>\n                    <\/div>\n                    <div class=\"epsv-controls-center\">\n                        <button class=\"epsv-btn epsv-prev\" title=\"Previous Page\">\n                            <span class=\"epsv-icon\">&#8592;<\/span>\n                        <\/button>\n                                                    <div class=\"epsv-page-info\">\n                                <span class=\"epsv-page-current\">1<\/span>\n                                <span class=\"epsv-page-separator\">\/<\/span>\n                                <span class=\"epsv-page-total\">1<\/span>\n                            <\/div>\n                                                <button class=\"epsv-btn epsv-next\" title=\"Next Page\">\n                            <span class=\"epsv-icon\">&#8594;<\/span>\n                        <\/button>\n                    <\/div>\n                    <div class=\"epsv-controls-right\">\n                                                    <button class=\"epsv-btn epsv-fullscreen\" title=\"Fullscreen\">\n                                <span class=\"epsv-icon\">\u26f6<\/span>\n                            <\/button>\n                                                                            <button class=\"epsv-btn epsv-download\" title=\"Download\">\n                                <span class=\"epsv-icon\">\u2193<\/span>\n                            <\/button>\n                                                                            <button class=\"epsv-btn epsv-print\" title=\"Print\">\n                                <span class=\"epsv-icon\">\ud83d\udda8<\/span>\n                            <\/button>\n                                            <\/div>\n                <\/div>\n                    <\/div>\n        \t\t\t\t<\/div>\n\t\t\t\t<\/div>\n\t\t\t\t<\/div>\n\t\t\t\t\t<\/div>\n\t\t\t\t<\/div>\n\t\t<div class=\"elementor-element elementor-element-3fe3b13 e-flex e-con-boxed e-con e-parent\" data-id=\"3fe3b13\" data-element_type=\"container\" data-e-type=\"container\">\n\t\t\t\t\t<div class=\"e-con-inner\">\n\t\t\t\t<div class=\"elementor-element elementor-element-e45e289 elementor-widget elementor-widget-heading\" data-id=\"e45e289\" data-element_type=\"widget\" data-e-type=\"widget\" data-widget_type=\"heading.default\">\n\t\t\t\t\t<h2 class=\"elementor-heading-title elementor-size-default\">Pr\u00e9-inscription via le formulaire ci-dessous<\/h2>\t\t\t\t<\/div>\n\t\t\t\t<div class=\"elementor-element elementor-element-2dc1db1 elementor-widget elementor-widget-shortcode\" data-id=\"2dc1db1\" data-element_type=\"widget\" data-e-type=\"widget\" data-widget_type=\"shortcode.default\">\n\t\t\t\t\t\t\t<div class=\"elementor-shortcode\"><div class='fluentform ff-default fluentform_wrapper_4 ffs_default_wrap'><form data-form_id=\"4\" id=\"fluentform_4\" class=\"frm-fluent-form fluent_form_4 ff-el-form-top ff_form_instance_4_1 ff-form-loading ffs_default\" data-form_instance=\"ff_form_instance_4_1\" method=\"POST\" ><fieldset  style=\"border: none!important;margin: 0!important;padding: 0!important;background-color: transparent!important;box-shadow: none!important;outline: none!important; min-inline-size: 100%;\">\n                    <legend class=\"ff_screen_reader_title\" style=\"display: block; margin: 0!important;padding: 0!important;height: 0!important;text-indent: -999999px;width: 0!important;overflow:hidden;\">Contact Form Demo (#4)<\/legend><input type='hidden' name='__fluent_form_embded_post_id' value='648' \/><input type=\"hidden\" id=\"_fluentform_4_fluentformnonce\" name=\"_fluentform_4_fluentformnonce\" value=\"cb328efe1c\" \/><input type=\"hidden\" name=\"_wp_http_referer\" value=\"\/ogsechecs\/wp-json\/wp\/v2\/pages\/648\" \/><div data-type=\"name-element\" data-name=\"names\" class=\" ff-field_container ff-name-field-wrapper\" ><div class='ff-t-container'><div class='ff-t-cell '><div class='ff-el-group'><div class=\"ff-el-input--label ff-el-is-required asterisk-right\"><label for='ff_4_names_first_name_' id='label_ff_4_names_first_name_' >Nom<\/label><\/div><div class='ff-el-input--content'><input type=\"text\" name=\"names[first_name]\" id=\"ff_4_names_first_name_\" class=\"ff-el-form-control\" placeholder=\"Nom\" aria-invalid=\"false\" aria-required=true><\/div><\/div><\/div><div class='ff-t-cell '><div class='ff-el-group'><div class=\"ff-el-input--label ff-el-is-required asterisk-right\"><label for='ff_4_names_last_name_' id='label_ff_4_names_last_name_' >Pr\u00e9nom<\/label><\/div><div class='ff-el-input--content'><input type=\"text\" name=\"names[last_name]\" id=\"ff_4_names_last_name_\" class=\"ff-el-form-control\" placeholder=\"Pr\u00e9nom\" aria-invalid=\"false\" aria-required=true><\/div><\/div><\/div><\/div><\/div><div class='ff-el-group'><div class=\"ff-el-input--label ff-el-is-required asterisk-right\"><label for='ff_4_email' id='label_ff_4_email' aria-label=\"Email\">Email<\/label><\/div><div class='ff-el-input--content'><input type=\"email\" name=\"email\" id=\"ff_4_email\" class=\"ff-el-form-control\" placeholder=\"Adresse Mail\" data-name=\"email\"  aria-invalid=\"false\" aria-required=true><\/div><\/div><div class='ff-el-group'><div class=\"ff-el-input--label ff-el-is-required asterisk-right\"><label for='ff_4_subject' id='label_ff_4_subject' aria-label=\"N\u00b0 FFE ou FIDE ID\">N\u00b0 FFE ou FIDE ID<\/label><\/div><div class='ff-el-input--content'><input type=\"text\" name=\"subject\" class=\"ff-el-form-control\" placeholder=\"Licence FFE\/FIDE\" data-name=\"subject\" id=\"ff_4_subject\"  aria-invalid=\"false\" aria-required=true><\/div><\/div><div class='ff-el-group ff-text-center ff_submit_btn_wrapper'><button type=\"submit\" class=\"ff-btn ff-btn-submit ff-btn-md ff_btn_style\"  aria-label=\"Valider\">Valider<\/button><\/div><\/fieldset><\/form><div id='fluentform_4_errors' class='ff-errors-in-stack ff_form_instance_4_1 ff-form-loading_errors ff_form_instance_4_1_errors'><\/div><\/div>            <script type=\"text\/javascript\">\n                window.fluent_form_ff_form_instance_4_1 = {\"id\":\"4\",\"ajaxUrl\":\"https:\\\/\\\/ogs-echiquier.fr\\\/ogsechecs\\\/wp-admin\\\/admin-ajax.php\",\"settings\":{\"layout\":{\"labelPlacement\":\"top\",\"asteriskPlacement\":\"asterisk-right\",\"helpMessagePlacement\":\"with_label\",\"errorMessagePlacement\":\"inline\",\"cssClassName\":\"\"},\"restrictions\":{\"denyEmptySubmission\":{\"enabled\":false}}},\"form_instance\":\"ff_form_instance_4_1\",\"form_id_selector\":\"fluentform_4\",\"rules\":{\"names[first_name]\":{\"required\":{\"value\":true,\"message\":\"Ce champ est obligatoire\",\"global\":true,\"global_message\":\"Ce champ est obligatoire\"}},\"names[middle_name]\":{\"required\":{\"value\":false,\"message\":\"Ce champ est obligatoire\",\"global\":true,\"global_message\":\"Ce champ est obligatoire\"}},\"names[last_name]\":{\"required\":{\"value\":true,\"message\":\"Ce champ est obligatoire\",\"global\":true,\"global_message\":\"Ce champ est obligatoire\"}},\"email\":{\"required\":{\"value\":true,\"message\":\"Ce champ est obligatoire\",\"global\":true,\"global_message\":\"Ce champ est obligatoire\"},\"email\":{\"value\":true,\"message\":\"Ce champ doit contenir un e-mail valide\",\"global\":true,\"global_message\":\"Ce champ doit contenir un e-mail valide\"}},\"subject\":{\"required\":{\"value\":true,\"message\":\"Ce champ est obligatoire\",\"global\":true,\"global_message\":\"Ce champ est obligatoire\"}}},\"debounce_time\":300};\n                            <\/script>\n            <\/div>\n\t\t\t\t\t\t<\/div>\n\t\t\t\t<div class=\"elementor-element elementor-element-f305a28 elementor-widget elementor-widget-text-editor\" data-id=\"f305a28\" data-element_type=\"widget\" data-e-type=\"widget\" data-widget_type=\"text-editor.default\">\n\t\t\t\t\t\t\t\t\t<p><strong>Voir en ligne :<\/strong> <a href=\"https:\/\/echecs.asso.fr\/FicheTournoi.aspx?Ref=68496\">https:\/\/echecs.asso.fr\/FicheTournoi.aspx?Ref=68496<\/a><\/p>\t\t\t\t\t\t\t\t<\/div>\n\t\t\t\t\t<\/div>\n\t\t\t\t<\/div>\n\t\t\t\t<\/div>\n\t\t","protected":false},"excerpt":{"rendered":"<p>25\u00e8 Tournoi de parties rapides 2025 Notre 25-\u00e8me tounoi de parties rapides aura lieu \u00e0 l&rsquo;Atrium, Place du March\u00e9 \u00e0 [&hellip;]<\/p>\n","protected":false},"author":5,"featured_media":0,"parent":0,"menu_order":0,"comment_status":"closed","ping_status":"closed","template":"","meta":{"site-sidebar-layout":"no-sidebar","site-content-layout":"","ast-site-content-layout":"full-width-container","site-content-style":"default","site-sidebar-style":"default","ast-global-header-display":"","ast-banner-title-visibility":"","ast-main-header-display":"","ast-hfb-above-header-display":"","ast-hfb-below-header-display":"","ast-hfb-mobile-header-display":"","site-post-title":"disabled","ast-breadcrumbs-content":"","ast-featured-img":"disabled","footer-sml-layout":"","ast-disable-related-posts":"","theme-transparent-header-meta":"","adv-header-id-meta":"","stick-header-meta":"","header-above-stick-meta":"","header-main-stick-meta":"","header-below-stick-meta":"","astra-migrate-meta-layouts":"default","ast-page-background-enabled":"default","ast-page-background-meta":{"desktop":{"background-color":"var(--ast-global-color-5)","background-image":"","background-repeat":"repeat","background-position":"center center","background-size":"auto","background-attachment":"scroll","background-type":"","background-media":"","overlay-type":"","overlay-color":"","overlay-opacity":"","overlay-gradient":""},"tablet":{"background-color":"","background-image":"","background-repeat":"repeat","background-position":"center center","background-size":"auto","background-attachment":"scroll","background-type":"","background-media":"","overlay-type":"","overlay-color":"","overlay-opacity":"","overlay-gradient":""},"mobile":{"background-color":"","background-image":"","background-repeat":"repeat","background-position":"center center","background-size":"auto","background-attachment":"scroll","background-type":"","background-media":"","overlay-type":"","overlay-color":"","overlay-opacity":"","overlay-gradient":""}},"ast-content-background-meta":{"desktop":{"background-color":"var(--ast-global-color-4)","background-image":"","background-repeat":"repeat","background-position":"center center","background-size":"auto","background-attachment":"scroll","background-type":"","background-media":"","overlay-type":"","overlay-color":"","overlay-opacity":"","overlay-gradient":""},"tablet":{"background-color":"var(--ast-global-color-4)","background-image":"","background-repeat":"repeat","background-position":"center center","background-size":"auto","background-attachment":"scroll","background-type":"","background-media":"","overlay-type":"","overlay-color":"","overlay-opacity":"","overlay-gradient":""},"mobile":{"background-color":"var(--ast-global-color-4)","background-image":"","background-repeat":"repeat","background-position":"center center","background-size":"auto","background-attachment":"scroll","background-type":"","background-media":"","overlay-type":"","overlay-color":"","overlay-opacity":"","overlay-gradient":""}},"footnotes":""},"class_list":["post-648","page","type-page","status-publish","hentry"],"_links":{"self":[{"href":"https:\/\/ogs-echiquier.fr\/ogsechecs\/wp-json\/wp\/v2\/pages\/648","targetHints":{"allow":["GET"]}}],"collection":[{"href":"https:\/\/ogs-echiquier.fr\/ogsechecs\/wp-json\/wp\/v2\/pages"}],"about":[{"href":"https:\/\/ogs-echiquier.fr\/ogsechecs\/wp-json\/wp\/v2\/types\/page"}],"author":[{"embeddable":true,"href":"https:\/\/ogs-echiquier.fr\/ogsechecs\/wp-json\/wp\/v2\/users\/5"}],"replies":[{"embeddable":true,"href":"https:\/\/ogs-echiquier.fr\/ogsechecs\/wp-json\/wp\/v2\/comments?post=648"}],"version-history":[{"count":62,"href":"https:\/\/ogs-echiquier.fr\/ogsechecs\/wp-json\/wp\/v2\/pages\/648\/revisions"}],"predecessor-version":[{"id":989,"href":"https:\/\/ogs-echiquier.fr\/ogsechecs\/wp-json\/wp\/v2\/pages\/648\/revisions\/989"}],"wp:attachment":[{"href":"https:\/\/ogs-echiquier.fr\/ogsechecs\/wp-json\/wp\/v2\/media?parent=648"}],"curies":[{"name":"wp","href":"https:\/\/api.w.org\/{rel}","templated":true}]}}